{"id":3750,"date":"2024-07-08T13:25:43","date_gmt":"2024-07-08T13:25:43","guid":{"rendered":"http:\/\/159.89.14.109\/proizvod\/delimano-delight-handblender-set-pro\/"},"modified":"2024-07-24T13:39:37","modified_gmt":"2024-07-24T13:39:37","slug":"delight-kitchen-robot","status":"publish","type":"product","link":"https:\/\/delimano.hr\/en\/product\/delight-kitchen-robot\/","title":{"rendered":"Delight kitchen robot"},"content":{"rendered":"<p>It&#8217;s time to perfect your culinary skills with this versatile stand mixer. The capacity of the container with a volume of 3.5 liters allows you to smoothly mix large quantities of ingredients, mixtures, and dough. The kitchen robot comes with the following accessories: a whisk, a beater with a flexible edge and a dough hook that provide the device with multiple functionalities. The accessories and container are detachable and dishwasher safe. The device has 10 speeds and a powerful 600-watt motor, thanks to which you will be able to mix all ingredients quickly and efficiently without lumps. The mixer is safe to use, has a safety lock and prevents spills and mess during mixing, with an additional plastic splash guard attached to the bowl.<\/p>\n","protected":false},"excerpt":{"rendered":"<p>It&#8217;s time to perfect your culinary skills with this versatile stand mixer. The capacity of the container with a volume of 3.5 liters allows you to smoothly mix large quantities of ingredients, mixtures, and dough. The kitchen robot comes with the following accessories: a whisk, a beater with a flexible edge and a dough hook [&hellip;]<\/p>\n","protected":false},"featured_media":2236,"comment_status":"open","ping_status":"closed","template":"","meta":{"_acf_changed":false},"product_brand":[],"product_cat":[211,217],"product_tag":[],"class_list":{"0":"post-3750","1":"product","2":"type-product","3":"status-publish","4":"has-post-thumbnail","6":"product_cat-kitchen-appliances","7":"product_cat-mixers","9":"first","10":"instock","11":"shipping-taxable","12":"product-type-simple"},"acf":[],"yoast_head":"<!-- This site is optimized with the Yoast SEO plugin v24.9 - https:\/\/yoast.com\/wordpress\/plugins\/seo\/ -->\n<title>Delight kitchen robot - Delimano<\/title>\n<meta name=\"description\" content=\"Delimano Delight Stand Mixer - sna\u017ean i elegantan kuhinjski pomo\u0107nik koji \u0107e olak\u0161ati pripremu svih va\u0161ih omiljenih jela.\" \/>\n<meta name=\"robots\" content=\"index, follow, max-snippet:-1, max-image-preview:large, max-video-preview:-1\" \/>\n<link rel=\"canonical\" href=\"https:\/\/delimano.hr\/product\/delight-kuhinjski-robot\/\" \/>\n<meta property=\"og:locale\" content=\"en_US\" \/>\n<meta property=\"og:type\" content=\"article\" \/>\n<meta property=\"og:title\" content=\"Delight kitchen robot - Delimano\" \/>\n<meta property=\"og:description\" content=\"Delimano Delight Stand Mixer - sna\u017ean i elegantan kuhinjski pomo\u0107nik koji \u0107e olak\u0161ati pripremu svih va\u0161ih omiljenih jela.\" \/>\n<meta property=\"og:url\" content=\"https:\/\/delimano.hr\/product\/delight-kuhinjski-robot\/\" \/>\n<meta property=\"og:site_name\" content=\"Delimano\" \/>\n<meta property=\"article:modified_time\" content=\"2024-07-24T13:39:37+00:00\" \/>\n<meta property=\"og:image\" content=\"https:\/\/delimano.hr\/wp-content\/uploads\/2024\/06\/Delimano-Delight-Stand-Mixer-1-2.png\" \/>\n\t<meta property=\"og:image:width\" content=\"1400\" \/>\n\t<meta property=\"og:image:height\" content=\"1400\" \/>\n\t<meta property=\"og:image:type\" content=\"image\/png\" \/>\n<meta name=\"twitter:card\" content=\"summary_large_image\" \/>\n<meta name=\"twitter:label1\" content=\"Est. reading time\" \/>\n\t<meta name=\"twitter:data1\" content=\"1 minute\" \/>\n<script type=\"application\/ld+json\" class=\"yoast-schema-graph\">{\"@context\":\"https:\/\/schema.org\",\"@graph\":[{\"@type\":\"WebPage\",\"@id\":\"https:\/\/delimano.hr\/product\/delight-kuhinjski-robot\/\",\"url\":\"https:\/\/delimano.hr\/product\/delight-kuhinjski-robot\/\",\"name\":\"Delight kitchen robot - Delimano\",\"isPartOf\":{\"@id\":\"https:\/\/delimano.hr\/#website\"},\"primaryImageOfPage\":{\"@id\":\"https:\/\/delimano.hr\/product\/delight-kuhinjski-robot\/#primaryimage\"},\"image\":{\"@id\":\"https:\/\/delimano.hr\/product\/delight-kuhinjski-robot\/#primaryimage\"},\"thumbnailUrl\":\"https:\/\/delimano.hr\/wp-content\/uploads\/2024\/06\/Delimano-Delight-Stand-Mixer-1-2.png\",\"datePublished\":\"2024-07-08T13:25:43+00:00\",\"dateModified\":\"2024-07-24T13:39:37+00:00\",\"description\":\"Delimano Delight Stand Mixer - sna\u017ean i elegantan kuhinjski pomo\u0107nik koji \u0107e olak\u0161ati pripremu svih va\u0161ih omiljenih jela.\",\"breadcrumb\":{\"@id\":\"https:\/\/delimano.hr\/product\/delight-kuhinjski-robot\/#breadcrumb\"},\"inLanguage\":\"en-US\",\"potentialAction\":[{\"@type\":\"ReadAction\",\"target\":[\"https:\/\/delimano.hr\/product\/delight-kuhinjski-robot\/\"]}]},{\"@type\":\"ImageObject\",\"inLanguage\":\"en-US\",\"@id\":\"https:\/\/delimano.hr\/product\/delight-kuhinjski-robot\/#primaryimage\",\"url\":\"https:\/\/delimano.hr\/wp-content\/uploads\/2024\/06\/Delimano-Delight-Stand-Mixer-1-2.png\",\"contentUrl\":\"https:\/\/delimano.hr\/wp-content\/uploads\/2024\/06\/Delimano-Delight-Stand-Mixer-1-2.png\",\"width\":1400,\"height\":1400},{\"@type\":\"BreadcrumbList\",\"@id\":\"https:\/\/delimano.hr\/product\/delight-kuhinjski-robot\/#breadcrumb\",\"itemListElement\":[{\"@type\":\"ListItem\",\"position\":1,\"name\":\"Po\u010detna stranica\",\"item\":\"https:\/\/delimano.hr\/en\/\"},{\"@type\":\"ListItem\",\"position\":2,\"name\":\"Privatno: Shop\",\"item\":\"https:\/\/delimano.hr\/shop\/\"},{\"@type\":\"ListItem\",\"position\":3,\"name\":\"Delight kitchen robot\"}]},{\"@type\":\"WebSite\",\"@id\":\"https:\/\/delimano.hr\/#website\",\"url\":\"https:\/\/delimano.hr\/\",\"name\":\"Delimano\",\"description\":\"\",\"potentialAction\":[{\"@type\":\"SearchAction\",\"target\":{\"@type\":\"EntryPoint\",\"urlTemplate\":\"https:\/\/delimano.hr\/?s={search_term_string}\"},\"query-input\":{\"@type\":\"PropertyValueSpecification\",\"valueRequired\":true,\"valueName\":\"search_term_string\"}}],\"inLanguage\":\"en-US\"}]}<\/script>\n<!-- \/ Yoast SEO plugin. -->","yoast_head_json":{"title":"Delight kitchen robot - Delimano","description":"Delimano Delight Stand Mixer - sna\u017ean i elegantan kuhinjski pomo\u0107nik koji \u0107e olak\u0161ati pripremu svih va\u0161ih omiljenih jela.","robots":{"index":"index","follow":"follow","max-snippet":"max-snippet:-1","max-image-preview":"max-image-preview:large","max-video-preview":"max-video-preview:-1"},"canonical":"https:\/\/delimano.hr\/product\/delight-kuhinjski-robot\/","og_locale":"en_US","og_type":"article","og_title":"Delight kitchen robot - Delimano","og_description":"Delimano Delight Stand Mixer - sna\u017ean i elegantan kuhinjski pomo\u0107nik koji \u0107e olak\u0161ati pripremu svih va\u0161ih omiljenih jela.","og_url":"https:\/\/delimano.hr\/product\/delight-kuhinjski-robot\/","og_site_name":"Delimano","article_modified_time":"2024-07-24T13:39:37+00:00","og_image":[{"width":1400,"height":1400,"url":"https:\/\/delimano.hr\/wp-content\/uploads\/2024\/06\/Delimano-Delight-Stand-Mixer-1-2.png","type":"image\/png"}],"twitter_card":"summary_large_image","twitter_misc":{"Est. reading time":"1 minute"},"schema":{"@context":"https:\/\/schema.org","@graph":[{"@type":"WebPage","@id":"https:\/\/delimano.hr\/product\/delight-kuhinjski-robot\/","url":"https:\/\/delimano.hr\/product\/delight-kuhinjski-robot\/","name":"Delight kitchen robot - Delimano","isPartOf":{"@id":"https:\/\/delimano.hr\/#website"},"primaryImageOfPage":{"@id":"https:\/\/delimano.hr\/product\/delight-kuhinjski-robot\/#primaryimage"},"image":{"@id":"https:\/\/delimano.hr\/product\/delight-kuhinjski-robot\/#primaryimage"},"thumbnailUrl":"https:\/\/delimano.hr\/wp-content\/uploads\/2024\/06\/Delimano-Delight-Stand-Mixer-1-2.png","datePublished":"2024-07-08T13:25:43+00:00","dateModified":"2024-07-24T13:39:37+00:00","description":"Delimano Delight Stand Mixer - sna\u017ean i elegantan kuhinjski pomo\u0107nik koji \u0107e olak\u0161ati pripremu svih va\u0161ih omiljenih jela.","breadcrumb":{"@id":"https:\/\/delimano.hr\/product\/delight-kuhinjski-robot\/#breadcrumb"},"inLanguage":"en-US","potentialAction":[{"@type":"ReadAction","target":["https:\/\/delimano.hr\/product\/delight-kuhinjski-robot\/"]}]},{"@type":"ImageObject","inLanguage":"en-US","@id":"https:\/\/delimano.hr\/product\/delight-kuhinjski-robot\/#primaryimage","url":"https:\/\/delimano.hr\/wp-content\/uploads\/2024\/06\/Delimano-Delight-Stand-Mixer-1-2.png","contentUrl":"https:\/\/delimano.hr\/wp-content\/uploads\/2024\/06\/Delimano-Delight-Stand-Mixer-1-2.png","width":1400,"height":1400},{"@type":"BreadcrumbList","@id":"https:\/\/delimano.hr\/product\/delight-kuhinjski-robot\/#breadcrumb","itemListElement":[{"@type":"ListItem","position":1,"name":"Po\u010detna stranica","item":"https:\/\/delimano.hr\/en\/"},{"@type":"ListItem","position":2,"name":"Privatno: Shop","item":"https:\/\/delimano.hr\/shop\/"},{"@type":"ListItem","position":3,"name":"Delight kitchen robot"}]},{"@type":"WebSite","@id":"https:\/\/delimano.hr\/#website","url":"https:\/\/delimano.hr\/","name":"Delimano","description":"","potentialAction":[{"@type":"SearchAction","target":{"@type":"EntryPoint","urlTemplate":"https:\/\/delimano.hr\/?s={search_term_string}"},"query-input":{"@type":"PropertyValueSpecification","valueRequired":true,"valueName":"search_term_string"}}],"inLanguage":"en-US"}]}},"_links":{"self":[{"href":"https:\/\/delimano.hr\/en\/wp-json\/wp\/v2\/product\/3750","targetHints":{"allow":["GET"]}}],"collection":[{"href":"https:\/\/delimano.hr\/en\/wp-json\/wp\/v2\/product"}],"about":[{"href":"https:\/\/delimano.hr\/en\/wp-json\/wp\/v2\/types\/product"}],"replies":[{"embeddable":true,"href":"https:\/\/delimano.hr\/en\/wp-json\/wp\/v2\/comments?post=3750"}],"wp:featuredmedia":[{"embeddable":true,"href":"https:\/\/delimano.hr\/en\/wp-json\/wp\/v2\/media\/2236"}],"wp:attachment":[{"href":"https:\/\/delimano.hr\/en\/wp-json\/wp\/v2\/media?parent=3750"}],"wp:term":[{"taxonomy":"product_brand","embeddable":true,"href":"https:\/\/delimano.hr\/en\/wp-json\/wp\/v2\/product_brand?post=3750"},{"taxonomy":"product_cat","embeddable":true,"href":"https:\/\/delimano.hr\/en\/wp-json\/wp\/v2\/product_cat?post=3750"},{"taxonomy":"product_tag","embeddable":true,"href":"https:\/\/delimano.hr\/en\/wp-json\/wp\/v2\/product_tag?post=3750"}],"curies":[{"name":"wp","href":"https:\/\/api.w.org\/{rel}","templated":true}]}}